{"id":238,"date":"2026-04-12T10:19:13","date_gmt":"2026-04-12T10:19:13","guid":{"rendered":"https:\/\/www.sukuseurahakola.fi\/?page_id=238"},"modified":"2026-04-12T10:53:54","modified_gmt":"2026-04-12T10:53:54","slug":"vuosikokous-2026","status":"publish","type":"page","link":"https:\/\/www.sukuseurahakola.fi\/index.php\/vuosikokous-2026\/","title":{"rendered":"Vuosikokous 2026"},"content":{"rendered":"\n<div class=\"wp-block-cover alignfull is-light has-contrast-color has-text-color has-link-color wp-elements-c3797f39b339404159ad963c967f4cc6\" style=\"margin-top:0;margin-bottom:0;padding-top:var(--wp--preset--spacing--60);padding-right:var(--wp--preset--spacing--50);padding-bottom:var(--wp--preset--spacing--60);padding-left:var(--wp--preset--spacing--50)\"><span aria-hidden=\"true\" class=\"wp-block-cover__background has-base-background-color has-background-dim-100 has-background-dim\"><\/span><div class=\"wp-block-cover__inner-container has-global-padding is-layout-constrained wp-container-core-cover-is-layout-873ee6b1 wp-block-cover-is-layout-constrained\">\n<div class=\"wp-block-columns alignwide is-layout-flex wp-container-core-columns-is-layout-7ee84d44 wp-block-columns-is-layout-flex\">\n<div class=\"wp-block-column is-layout-flow wp-block-column-is-layout-flow\" style=\"flex-basis:65%\">\n<div class=\"wp-block-group is-vertical is-content-justification-stretch is-layout-flex wp-container-core-group-is-layout-353c4f5a wp-block-group-is-layout-flex\">\n<h2 class=\"wp-block-heading has-text-align-left\" style=\"font-size:clamp(2.46rem, 2.46rem + ((1vw - 0.2rem) * 3.357), 4.6rem);font-style:normal;font-weight:300;letter-spacing:-0.03em;line-height:1.4\">Vuosikokous 2026 Mets\u00e4kansassa &#8211; ohjelma p\u00e4ivittyy<\/h2>\n\n\n\n<p class=\"is-style-text-subtitle is-style-text-subtitle--1\"><strong>Aihe:<\/strong> Sukuseura Hakolan s\u00e4\u00e4nt\u00f6m\u00e4\u00e4r\u00e4inen vuosikokous<br><strong>Aika:<\/strong> Lauantaina 13. kes\u00e4kuuta 2026, klo ~10<br><strong>Paikka:<\/strong> Ilolan Maatilamatkailu | Vedentaantie 24,37850 Mets\u00e4kansa<br><\/p>\n\n\n\n<p class=\"is-style-default\">Vuosikokousp\u00e4iv\u00e4n o<strong>hjelma ja aikataulu tarkentuu my\u00f6hemmin&#8230;<\/strong><br><strong>Klo 11:00<\/strong> Ilmoittautuminen alkaa ja seuran tuotteiden myynti\u00e4. Seuran tuotteisiin voi tutustua etuk\u00e4teen seuran nettisivulla<br><strong>Klo 12:00 <\/strong>Sukuviirin nosto ja tilaisuuden avaus<br><strong>Klo 12:15 <\/strong>Ruokailu: lounas (laktoositon)<br><strong>Klo 13:15<\/strong> Ohjelma tarkentuu my\u00f6hemmin<br><strong>Klo 14:15<\/strong> Vuosikokous (s\u00e4\u00e4nt\u00f6m\u00e4\u00e4r\u00e4iset asiat)<br><strong>Klo 15:15<\/strong> L\u00e4ht\u00f6kahvit<br><strong>Klo &#8211; 16:00<\/strong> Vuosikokoukselle varattu aika loppuu<br><\/p>\n\n\n\n<p class=\"is-style-default\"><\/p>\n\n\n\n<p class=\"is-style-text-subtitle is-style-text-subtitle--2\"><strong>Tervetuloa<\/strong>,<br>Hallitus<br><\/p>\n<\/div>\n<\/div>\n\n\n\n<div class=\"wp-block-column is-layout-flow wp-block-column-is-layout-flow\" style=\"flex-basis:35%\">\n<div class=\"wp-block-group is-vertical is-content-justification-stretch is-nowrap is-layout-flex wp-container-core-group-is-layout-73b0033c wp-block-group-is-layout-flex\">\n<figure class=\"wp-block-image size-full\"><img loading=\"lazy\" decoding=\"async\" width=\"474\" height=\"538\" src=\"http:\/\/www.sukuseurahakola.fi\/wp-content\/uploads\/2026\/04\/Ilola.jpg\" alt=\"\" class=\"wp-image-240\" style=\"aspect-ratio:3\/4;object-fit:cover\" srcset=\"https:\/\/www.sukuseurahakola.fi\/wp-content\/uploads\/2026\/04\/Ilola.jpg 474w, https:\/\/www.sukuseurahakola.fi\/wp-content\/uploads\/2026\/04\/Ilola-264x300.jpg 264w\" sizes=\"auto, (max-width: 474px) 100vw, 474px\" \/><\/figure>\n\n\n\n<p class=\"has-text-align-right has-x-large-font-size\" style=\"line-height:1.2\"><a href=\"https:\/\/www.ilolanmaatila.fi\/\">Ilolan maatila<\/a><br><\/p>\n<\/div>\n<\/div>\n<\/div>\n<\/div><\/div>\n\n\n\n<p><\/p>\n","protected":false},"excerpt":{"rendered":"","protected":false},"author":1,"featured_media":0,"parent":0,"menu_order":0,"comment_status":"closed","ping_status":"closed","template":"","meta":{"footnotes":""},"class_list":["post-238","page","type-page","status-publish","hentry"],"_links":{"self":[{"href":"https:\/\/www.sukuseurahakola.fi\/index.php\/wp-json\/wp\/v2\/pages\/238","targetHints":{"allow":["GET"]}}],"collection":[{"href":"https:\/\/www.sukuseurahakola.fi\/index.php\/wp-json\/wp\/v2\/pages"}],"about":[{"href":"https:\/\/www.sukuseurahakola.fi\/index.php\/wp-json\/wp\/v2\/types\/page"}],"author":[{"embeddable":true,"href":"https:\/\/www.sukuseurahakola.fi\/index.php\/wp-json\/wp\/v2\/users\/1"}],"replies":[{"embeddable":true,"href":"https:\/\/www.sukuseurahakola.fi\/index.php\/wp-json\/wp\/v2\/comments?post=238"}],"version-history":[{"count":4,"href":"https:\/\/www.sukuseurahakola.fi\/index.php\/wp-json\/wp\/v2\/pages\/238\/revisions"}],"predecessor-version":[{"id":276,"href":"https:\/\/www.sukuseurahakola.fi\/index.php\/wp-json\/wp\/v2\/pages\/238\/revisions\/276"}],"wp:attachment":[{"href":"https:\/\/www.sukuseurahakola.fi\/index.php\/wp-json\/wp\/v2\/media?parent=238"}],"curies":[{"name":"wp","href":"https:\/\/api.w.org\/{rel}","templated":true}]}}